{"id":684,"date":"2019-04-08T11:22:15","date_gmt":"2019-04-08T09:22:15","guid":{"rendered":"http:\/\/lespinsblancs.com\/?page_id=684"},"modified":"2022-11-27T21:41:39","modified_gmt":"2022-11-27T20:41:39","slug":"politique-de-confidentialite","status":"publish","type":"page","link":"https:\/\/lespinsblancs.com\/en\/politique-de-confidentialite\/","title":{"rendered":"POLITIQUE DE CONFIDENTIALIT\u00c9 ET MENTIONS L\u00c9GALES"},"content":{"rendered":"<div data-elementor-type=\"wp-page\" data-elementor-id=\"684\" class=\"elementor elementor-684\">\n\t\t\t\t\t\t<section class=\"has_eae_slider elementor-section elementor-top-section elementor-element elementor-element-d79151a elementor-section-boxed elementor-section-height-default elementor-section-height-default\" data-eae-slider=\"30024\" data-id=\"d79151a\" data-element_type=\"section\" data-e-type=\"section\" data-settings=\"{&quot;background_background&quot;:&quot;gradient&quot;}\">\n\t\t\t\t\t\t<div class=\"elementor-container elementor-column-gap-default\">\n\t\t\t\t\t<div class=\"has_eae_slider elementor-column elementor-col-100 elementor-top-column elementor-element elementor-element-5ed815b\" data-eae-slider=\"14475\" data-id=\"5ed815b\" data-element_type=\"column\" data-e-type=\"column\">\n\t\t\t<div class=\"elementor-widget-wrap elementor-element-populated\">\n\t\t\t\t\t\t<div class=\"elementor-element elementor-element-15ff4b3 elementor-widget elementor-widget-spacer\" data-id=\"15ff4b3\" data-element_type=\"widget\" data-e-type=\"widget\" data-widget_type=\"spacer.default\">\n\t\t\t\t<div class=\"elementor-widget-container\">\n\t\t\t\t\t\t\t<div class=\"elementor-spacer\">\n\t\t\t<div class=\"elementor-spacer-inner\"><\/div>\n\t\t<\/div>\n\t\t\t\t\t\t<\/div>\n\t\t\t\t<\/div>\n\t\t\t\t<div class=\"elementor-element elementor-element-c67d871 elementor-widget elementor-widget-heading\" data-id=\"c67d871\" data-element_type=\"widget\" data-e-type=\"widget\" data-widget_type=\"heading.default\">\n\t\t\t\t<div class=\"elementor-widget-container\">\n\t\t\t\t\t<h1 class=\"elementor-heading-title elementor-size-default\">PRIVACY POLICY<br>&amp;<br>LEGAL NOTICE<\/h1>\t\t\t\t<\/div>\n\t\t\t\t<\/div>\n\t\t\t\t<div class=\"elementor-element elementor-element-e223d66 elementor-widget elementor-widget-heading\" data-id=\"e223d66\" data-element_type=\"widget\" data-e-type=\"widget\" data-widget_type=\"heading.default\">\n\t\t\t\t<div class=\"elementor-widget-container\">\n\t\t\t\t\t<h2 class=\"elementor-heading-title elementor-size-default\">Personal data collected<\/h2>\t\t\t\t<\/div>\n\t\t\t\t<\/div>\n\t\t\t\t<div class=\"elementor-element elementor-element-ff4692b elementor-widget elementor-widget-text-editor\" data-id=\"ff4692b\" data-element_type=\"widget\" data-e-type=\"widget\" data-widget_type=\"text-editor.default\">\n\t\t\t\t<div class=\"elementor-widget-container\">\n\t\t\t\t\t\t\t\t\t<p>In general, you can visit our site on the Internet without having to disclose your identity and provide personal information about yourself. However, when you contact our customer support (contact section), we may collect:\u00a0<\/p>\n<ul>\n<li>your e-mail address if you send us an e-mail and\/or your surname, first name, address and potentially telephone and fax if you send us a form ;<\/li>\n<li>the content of the messages that you send to us, by e-mail, by form or via our <em>custumer support chat.<\/em> (We may also collect technical data about your internet connection, your browser and your devices).<\/li>\n<\/ul>\t\t\t\t\t\t\t\t<\/div>\n\t\t\t\t<\/div>\n\t\t\t\t<div class=\"elementor-element elementor-element-7719f1c elementor-widget elementor-widget-heading\" data-id=\"7719f1c\" data-element_type=\"widget\" data-e-type=\"widget\" data-widget_type=\"heading.default\">\n\t\t\t\t<div class=\"elementor-widget-container\">\n\t\t\t\t\t<h2 class=\"elementor-heading-title elementor-size-default\">Embedded content from other websites<\/h2>\t\t\t\t<\/div>\n\t\t\t\t<\/div>\n\t\t\t\t<div class=\"elementor-element elementor-element-cf038bf elementor-widget elementor-widget-text-editor\" data-id=\"cf038bf\" data-element_type=\"widget\" data-e-type=\"widget\" data-widget_type=\"text-editor.default\">\n\t\t\t\t<div class=\"elementor-widget-container\">\n\t\t\t\t\t\t\t\t\t<p>Articles on this site may include embedded content (e.g. videos, images, articles, etc.). Content embedded from other sites behaves the same as if the visitor were to that other site.<\/p>\n<p>These websites could collect data about you, use cookies, embed third-party tracking tools, track your interactions with this embedded content if you have an account connected to their website.<\/p>\t\t\t\t\t\t\t\t<\/div>\n\t\t\t\t<\/div>\n\t\t\t\t<div class=\"elementor-element elementor-element-0b5d9eb elementor-widget elementor-widget-heading\" data-id=\"0b5d9eb\" data-element_type=\"widget\" data-e-type=\"widget\" data-widget_type=\"heading.default\">\n\t\t\t\t<div class=\"elementor-widget-container\">\n\t\t\t\t\t<h2 class=\"elementor-heading-title elementor-size-default\">Use and transmission of your personal data<\/h2>\t\t\t\t<\/div>\n\t\t\t\t<\/div>\n\t\t\t\t<div class=\"elementor-element elementor-element-52ed04e elementor-widget elementor-widget-text-editor\" data-id=\"52ed04e\" data-element_type=\"widget\" data-e-type=\"widget\" data-widget_type=\"text-editor.default\">\n\t\t\t\t<div class=\"elementor-widget-container\">\n\t\t\t\t\t\t\t\t\t<p>Use and transmission of your data On the basis of the execution of the contract that binds us, we use your data to provide you with our services, and in particular:<\/p>\n<ul>\n<li>ensure the fulfillment of your reservation;<\/li>\n<li>answer your questions to customer support;<\/li>\n<li>detect possible <em>bugs<\/em> and maintain the stability of our service.<\/li>\n<\/ul>\n<p>Based on our legitimate interest, we use your data to:<\/p>\n<ul>\n<li>make statistics and marketing analysis, in order to understand how you use our services;<\/li>\n<li>improve your user experience;<\/li>\n<li>fight against online fraud.\u00a0<\/li>\n<\/ul>\t\t\t\t\t\t\t\t<\/div>\n\t\t\t\t<\/div>\n\t\t\t\t<div class=\"elementor-element elementor-element-817819a elementor-widget elementor-widget-heading\" data-id=\"817819a\" data-element_type=\"widget\" data-e-type=\"widget\" data-widget_type=\"heading.default\">\n\t\t\t\t<div class=\"elementor-widget-container\">\n\t\t\t\t\t<h2 class=\"elementor-heading-title elementor-size-default\">Storage times for your data<\/h2>\t\t\t\t<\/div>\n\t\t\t\t<\/div>\n\t\t\t\t<div class=\"elementor-element elementor-element-3267699 elementor-widget elementor-widget-text-editor\" data-id=\"3267699\" data-element_type=\"widget\" data-e-type=\"widget\" data-widget_type=\"text-editor.default\">\n\t\t\t\t<div class=\"elementor-widget-container\">\n\t\t\t\t\t\t\t\t\t<p>The retention period of your personal data varies according to the purpose of their collection:<\/p>\n<ul>\n<li>Customer data for the management of reservations is kept for three years from the end of the commercial relationship.<\/li>\n<li>Data relating to the management of partners and company accounts (<em>corporates<\/em>) are kept for a period of five years from its deletion and this, exclusively for the purposes of proof.<\/li>\n<li>Data relating to your use of the service is kept for 12 months from the activity that generated their collection.<\/li>\n<li>The documents and accounting documents are kept for 10 years, as accounting proof.<\/li>\n<li>The data relating to your credit card are kept by our service provider for 30 days after the <em>checkout<\/em> of the client. The cryptogram of your bank card is not stored.<\/li>\n<li>Data likely to be the subject of a judicial requisition (connection data, identity, contact details) are kept for 12 months from their collection.\u00a0<\/li>\n<\/ul>\t\t\t\t\t\t\t\t<\/div>\n\t\t\t\t<\/div>\n\t\t\t\t<div class=\"elementor-element elementor-element-3ee50ec elementor-widget elementor-widget-heading\" data-id=\"3ee50ec\" data-element_type=\"widget\" data-e-type=\"widget\" data-widget_type=\"heading.default\">\n\t\t\t\t<div class=\"elementor-widget-container\">\n\t\t\t\t\t<h2 class=\"elementor-heading-title elementor-size-default\">The rights you have over your data<\/h2>\t\t\t\t<\/div>\n\t\t\t\t<\/div>\n\t\t\t\t<div class=\"elementor-element elementor-element-203c834 elementor-widget elementor-widget-text-editor\" data-id=\"203c834\" data-element_type=\"widget\" data-e-type=\"widget\" data-widget_type=\"text-editor.default\">\n\t\t\t\t<div class=\"elementor-widget-container\">\n\t\t\t\t\t\t\t\t\t<p>In accordance with the regulations on personal data, and in particular Law No. 78-17 of January 6, 1978, amended by Law No. 2002-801 of August 6, 2004 known as the \u201cInformatique et Libert\u00e9s\u201d law and the European Regulation on Data Protection n\u00b02016\/670, known as \u201cRGPD\u201d, you have the following rights concerning your personal data:<\/p>\n<p>\u00a0<\/p>\n<ul>\n<li>Access: this is your right to obtain confirmation that your data is being processed or not, and if so, to access this data.<\/li>\n<li>Rectification: this is your right to obtain, as soon as possible, that your inaccurate data be rectified, and that your incomplete data be completed. You can also, at any time, modify the personal data on the \"My Info\" tab of your customer area, or write to the Headquarters of Contact H\u00f4tel for member hoteliers.<\/li>\n<li>Deletion\/Erasure: this is your right to obtain, as soon as possible, the erasure of your data.<\/li>\n<li>Limitation: this is your right to obtain the limitation of processing when you oppose it, when you dispute the accuracy of your data, when you believe that their processing is unlawful, or when you need it for the observation , the exercise or defense of your legal rights.<\/li>\n<li>Opposition: this is your right to object at any time to the processing of your data by Contact H\u00f4tel, when it is necessary for the purposes of the legitimate interests of Contact H\u00f4tel. You can also object to processing for prospecting purposes.<\/li>\n<li>Portability: this is your right to receive your data in a structured, commonly used, machine-readable and interoperable format, and to transmit it to another controller without our hindrance.<\/li>\n<li>You have the right to lodge a complaint with a supervisory authority.<\/li>\n<li>You have the right to give instructions on the fate of your personal data in the event of death.<\/li>\n<\/ul>\t\t\t\t\t\t\t\t<\/div>\n\t\t\t\t<\/div>\n\t\t\t\t<div class=\"elementor-element elementor-element-061120a elementor-widget elementor-widget-heading\" data-id=\"061120a\" data-element_type=\"widget\" data-e-type=\"widget\" data-widget_type=\"heading.default\">\n\t\t\t\t<div class=\"elementor-widget-container\">\n\t\t\t\t\t<h2 class=\"elementor-heading-title elementor-size-default\">Contact information<\/h2>\t\t\t\t<\/div>\n\t\t\t\t<\/div>\n\t\t\t\t<div class=\"elementor-element elementor-element-e7e6c1d elementor-widget elementor-widget-text-editor\" data-id=\"e7e6c1d\" data-element_type=\"widget\" data-e-type=\"widget\" data-widget_type=\"text-editor.default\">\n\t\t\t\t<div class=\"elementor-widget-container\">\n\t\t\t\t\t\t\t\t\t<p>For any question relating to this privacy policy or for any request relating to your personal data, you can contact our data protection officer:<\/p>\n<ul>\n<li>By e-mail to the address: lespinsblancs@gmail.com<\/li>\n<li>By using this online form: <a href=\"https:\/\/lespinsblancs.com\/index.php\/contact\/\">https:\/\/lespinsblancs.com\/contact\/<\/a><\/li>\n<li>By sending a letter to the following address: Les Pins Blancs \u2013 2469, route de Draguignan \u2013 83490 LE MUY<\/li>\n<\/ul>\t\t\t\t\t\t\t\t<\/div>\n\t\t\t\t<\/div>\n\t\t\t\t<div class=\"elementor-element elementor-element-237c77a elementor-widget elementor-widget-heading\" data-id=\"237c77a\" data-element_type=\"widget\" data-e-type=\"widget\" data-widget_type=\"heading.default\">\n\t\t\t\t<div class=\"elementor-widget-container\">\n\t\t\t\t\t<h2 class=\"elementor-heading-title elementor-size-default\">How do we protect your data?<\/h2>\t\t\t\t<\/div>\n\t\t\t\t<\/div>\n\t\t\t\t<div class=\"elementor-element elementor-element-f634812 elementor-widget elementor-widget-text-editor\" data-id=\"f634812\" data-element_type=\"widget\" data-e-type=\"widget\" data-widget_type=\"text-editor.default\">\n\t\t\t\t<div class=\"elementor-widget-container\">\n\t\t\t\t\t\t\t\t\t<p>We protect your information using physical, electronic and administrative security measures.<\/p>\n<p>Our partner in charge of managing reservations is certified by the data security standards applicable to the payment card industry.<\/p>\t\t\t\t\t\t\t\t<\/div>\n\t\t\t\t<\/div>\n\t\t\t\t<div class=\"elementor-element elementor-element-c3dbc08 elementor-widget elementor-widget-heading\" data-id=\"c3dbc08\" data-element_type=\"widget\" data-e-type=\"widget\" data-widget_type=\"heading.default\">\n\t\t\t\t<div class=\"elementor-widget-container\">\n\t\t\t\t\t<h2 class=\"elementor-heading-title elementor-size-default\">Additional Information\n<\/h2>\t\t\t\t<\/div>\n\t\t\t\t<\/div>\n\t\t\t\t<div class=\"elementor-element elementor-element-52ba13d elementor-widget elementor-widget-text-editor\" data-id=\"52ba13d\" data-element_type=\"widget\" data-e-type=\"widget\" data-widget_type=\"text-editor.default\">\n\t\t\t\t<div class=\"elementor-widget-container\">\n\t\t\t\t\t\t\t\t\t<p>ISCHEN EXPLOITATION, Soci\u00e9t\u00e9 \u00c0 Responsabilit\u00e9 Limit\u00e9e (Soci\u00e9t\u00e9 \u00e0 associ\u00e9 unique), capital social 10000\u20ac00.<\/p>\n<p>837&nbsp;643&nbsp;485 00019 RCS Fr\u00e9jus, code APE 5510Z &#8211; TVA intracommunautaire&nbsp;: FR64&nbsp;837&nbsp;643 485.<\/p>\n<p>Autorit\u00e9 ayant d\u00e9livr\u00e9 l&rsquo;autorisation d&rsquo;exercer quand celle-ci est n\u00e9cessaire : Tribunal de commerce de Fr\u00e9jus \u2013 272 boulevard Jean-Jaur\u00e8s \u2013 83600 Fr\u00e9jus.<\/p>\n<p>Director of publication: Arnaud Barriol.<\/p>\n<p>Host : <a href=\"https:\/\/www.ovh.com\/fr\/\" rel=\"nofollow noopener\" target=\"_blank\">OVH<\/a>.<\/p>\t\t\t\t\t\t\t\t<\/div>\n\t\t\t\t<\/div>\n\t\t\t\t\t<\/div>\n\t\t<\/div>\n\t\t\t\t\t<\/div>\n\t\t<\/section>\n\t\t\t\t<section class=\"has_eae_slider elementor-section elementor-top-section elementor-element elementor-element-cff61b3 elementor-section-boxed elementor-section-height-default elementor-section-height-default\" data-eae-slider=\"94491\" data-id=\"cff61b3\" data-element_type=\"section\" data-e-type=\"section\">\n\t\t\t\t\t\t<div class=\"elementor-container elementor-column-gap-default\">\n\t\t\t\t\t<div class=\"has_eae_slider elementor-column elementor-col-100 elementor-top-column elementor-element elementor-element-5ab9f54\" data-eae-slider=\"66202\" data-id=\"5ab9f54\" data-element_type=\"column\" data-e-type=\"column\">\n\t\t\t<div class=\"elementor-widget-wrap elementor-element-populated\">\n\t\t\t\t\t\t<section class=\"has_eae_slider elementor-section elementor-inner-section elementor-element elementor-element-2f4d257 elementor-section-boxed elementor-section-height-default elementor-section-height-default\" data-eae-slider=\"94644\" data-id=\"2f4d257\" data-element_type=\"section\" data-e-type=\"section\">\n\t\t\t\t\t\t<div class=\"elementor-container elementor-column-gap-default\">\n\t\t\t\t\t<div class=\"has_eae_slider elementor-column elementor-col-25 elementor-inner-column elementor-element elementor-element-7f13901\" data-eae-slider=\"85258\" data-id=\"7f13901\" data-element_type=\"column\" data-e-type=\"column\">\n\t\t\t<div class=\"elementor-widget-wrap elementor-element-populated\">\n\t\t\t\t\t\t<div class=\"elementor-element elementor-element-64c6c06 elementor-view-stacked elementor-shape-circle elementor-position-block-start elementor-mobile-position-block-start elementor-widget elementor-widget-icon-box\" data-id=\"64c6c06\" data-element_type=\"widget\" data-e-type=\"widget\" data-widget_type=\"icon-box.default\">\n\t\t\t\t<div class=\"elementor-widget-container\">\n\t\t\t\t\t\t\t<div class=\"elementor-icon-box-wrapper\">\n\n\t\t\t\t\t\t<div class=\"elementor-icon-box-icon\">\n\t\t\t\t<span  class=\"elementor-icon\">\n\t\t\t\t<i aria-hidden=\"true\" class=\"fas fa-phone\"><\/i>\t\t\t\t<\/span>\n\t\t\t<\/div>\n\t\t\t\n\t\t\t\t\t\t<div class=\"elementor-icon-box-content\">\n\n\t\t\t\t\t\t\t\t\t<h3 class=\"elementor-icon-box-title\">\n\t\t\t\t\t\t<span  >\n\t\t\t\t\t\t\tPHONE\t\t\t\t\t\t<\/span>\n\t\t\t\t\t<\/h3>\n\t\t\t\t\n\t\t\t\t\t\t\t\t\t<p class=\"elementor-icon-box-description\">\n\t\t\t\t\t\t<a href=\"tel:+334 94 82 20 59\">04 94 82 20 59<\/a>\t\t\t\t\t<\/p>\n\t\t\t\t\n\t\t\t<\/div>\n\t\t\t\n\t\t<\/div>\n\t\t\t\t\t\t<\/div>\n\t\t\t\t<\/div>\n\t\t\t\t\t<\/div>\n\t\t<\/div>\n\t\t\t\t<div class=\"has_eae_slider elementor-column elementor-col-25 elementor-inner-column elementor-element elementor-element-c00501b\" data-eae-slider=\"97164\" data-id=\"c00501b\" data-element_type=\"column\" data-e-type=\"column\">\n\t\t\t<div class=\"elementor-widget-wrap elementor-element-populated\">\n\t\t\t\t\t\t<div class=\"elementor-element elementor-element-135d116 elementor-view-stacked elementor-shape-circle elementor-position-block-start elementor-mobile-position-block-start elementor-widget elementor-widget-icon-box\" data-id=\"135d116\" data-element_type=\"widget\" data-e-type=\"widget\" data-widget_type=\"icon-box.default\">\n\t\t\t\t<div class=\"elementor-widget-container\">\n\t\t\t\t\t\t\t<div class=\"elementor-icon-box-wrapper\">\n\n\t\t\t\t\t\t<div class=\"elementor-icon-box-icon\">\n\t\t\t\t<span  class=\"elementor-icon\">\n\t\t\t\t<i aria-hidden=\"true\" class=\"fas fa-envelope\"><\/i>\t\t\t\t<\/span>\n\t\t\t<\/div>\n\t\t\t\n\t\t\t\t\t\t<div class=\"elementor-icon-box-content\">\n\n\t\t\t\t\t\t\t\t\t<h3 class=\"elementor-icon-box-title\">\n\t\t\t\t\t\t<span  >\n\t\t\t\t\t\t\tMAIL ADDRESS\t\t\t\t\t\t<\/span>\n\t\t\t\t\t<\/h3>\n\t\t\t\t\n\t\t\t\t\t\t\t\t\t<p class=\"elementor-icon-box-description\">\n\t\t\t\t\t\t<i><a href=\"mailto:lespinsblancs@gmail.com\">lespinsblancs@gmail.com<\/a><\/i>\t\t\t\t\t<\/p>\n\t\t\t\t\n\t\t\t<\/div>\n\t\t\t\n\t\t<\/div>\n\t\t\t\t\t\t<\/div>\n\t\t\t\t<\/div>\n\t\t\t\t\t<\/div>\n\t\t<\/div>\n\t\t\t\t<div class=\"has_eae_slider elementor-column elementor-col-25 elementor-inner-column elementor-element elementor-element-1f0a999\" data-eae-slider=\"51710\" data-id=\"1f0a999\" data-element_type=\"column\" data-e-type=\"column\">\n\t\t\t<div class=\"elementor-widget-wrap elementor-element-populated\">\n\t\t\t\t\t\t<div class=\"elementor-element elementor-element-8fe9890 elementor-view-stacked elementor-shape-circle elementor-position-block-start elementor-mobile-position-block-start elementor-widget elementor-widget-icon-box\" data-id=\"8fe9890\" data-element_type=\"widget\" data-e-type=\"widget\" data-widget_type=\"icon-box.default\">\n\t\t\t\t<div class=\"elementor-widget-container\">\n\t\t\t\t\t\t\t<div class=\"elementor-icon-box-wrapper\">\n\n\t\t\t\t\t\t<div class=\"elementor-icon-box-icon\">\n\t\t\t\t<span  class=\"elementor-icon\">\n\t\t\t\t<i aria-hidden=\"true\" class=\"fab fa-instagram\"><\/i>\t\t\t\t<\/span>\n\t\t\t<\/div>\n\t\t\t\n\t\t\t\t\t\t<div class=\"elementor-icon-box-content\">\n\n\t\t\t\t\t\t\t\t\t<h3 class=\"elementor-icon-box-title\">\n\t\t\t\t\t\t<span  >\n\t\t\t\t\t\t\tINSTAGRAM\t\t\t\t\t\t<\/span>\n\t\t\t\t\t<\/h3>\n\t\t\t\t\n\t\t\t\t\t\t\t\t\t<p class=\"elementor-icon-box-description\">\n\t\t\t\t\t\t<i><a href=\"https:\/\/www.instagram.com\/lespinsblancs\/\" rel=\"nofollow noopener\" target=\"_blank\">@lespinsblancs<\/a><\/i>\t\t\t\t\t<\/p>\n\t\t\t\t\n\t\t\t<\/div>\n\t\t\t\n\t\t<\/div>\n\t\t\t\t\t\t<\/div>\n\t\t\t\t<\/div>\n\t\t\t\t\t<\/div>\n\t\t<\/div>\n\t\t\t\t<div class=\"has_eae_slider elementor-column elementor-col-25 elementor-inner-column elementor-element elementor-element-4db37db\" data-eae-slider=\"80117\" data-id=\"4db37db\" data-element_type=\"column\" data-e-type=\"column\">\n\t\t\t<div class=\"elementor-widget-wrap elementor-element-populated\">\n\t\t\t\t\t\t<div class=\"elementor-element elementor-element-f2a1b86 elementor-view-stacked elementor-shape-circle elementor-position-block-start elementor-mobile-position-block-start elementor-widget elementor-widget-icon-box\" data-id=\"f2a1b86\" data-element_type=\"widget\" data-e-type=\"widget\" data-widget_type=\"icon-box.default\">\n\t\t\t\t<div class=\"elementor-widget-container\">\n\t\t\t\t\t\t\t<div class=\"elementor-icon-box-wrapper\">\n\n\t\t\t\t\t\t<div class=\"elementor-icon-box-icon\">\n\t\t\t\t<span  class=\"elementor-icon\">\n\t\t\t\t<i aria-hidden=\"true\" class=\"fab fa-facebook\"><\/i>\t\t\t\t<\/span>\n\t\t\t<\/div>\n\t\t\t\n\t\t\t\t\t\t<div class=\"elementor-icon-box-content\">\n\n\t\t\t\t\t\t\t\t\t<h3 class=\"elementor-icon-box-title\">\n\t\t\t\t\t\t<span  >\n\t\t\t\t\t\t\tFACEBOOK\t\t\t\t\t\t<\/span>\n\t\t\t\t\t<\/h3>\n\t\t\t\t\n\t\t\t\t\t\t\t\t\t<p class=\"elementor-icon-box-description\">\n\t\t\t\t\t\t<i><a href=\"https:\/\/www.facebook.com\/Lespinsblancs\" rel=\"nofollow noopener\" target=\"_blank\">facebook.com\/Lespinsblancs<\/a><\/i>\t\t\t\t\t<\/p>\n\t\t\t\t\n\t\t\t<\/div>\n\t\t\t\n\t\t<\/div>\n\t\t\t\t\t\t<\/div>\n\t\t\t\t<\/div>\n\t\t\t\t\t<\/div>\n\t\t<\/div>\n\t\t\t\t\t<\/div>\n\t\t<\/section>\n\t\t\t\t\t<\/div>\n\t\t<\/div>\n\t\t\t\t\t<\/div>\n\t\t<\/section>\n\t\t\t\t<\/div>","protected":false},"excerpt":{"rendered":"<p>POLITIQUE DE CONFIDENTIALIT\u00c9&amp;MENTIONS L\u00c9GALES Donn\u00e9es personnelles collect\u00e9es D&rsquo;une fa\u00e7on g\u00e9n\u00e9rale, vous pouvez visiter notre site sur Internet sans avoir \u00e0 d\u00e9cliner votre identit\u00e9 et \u00e0 fournir des informations personnelles vous concernant. Cependant, lorsque vous contactez notre support client (rubrique contact), nous sommes susceptibles de collecter :\u00a0 votre adresse e-mail si vous nous adressez un e-mail [&hellip;]<\/p>\n","protected":false},"author":1,"featured_media":0,"parent":0,"menu_order":0,"comment_status":"closed","ping_status":"closed","template":"","meta":{"ocean_post_layout":"full-screen","ocean_both_sidebars_style":"","ocean_both_sidebars_content_width":0,"ocean_both_sidebars_sidebars_width":0,"ocean_sidebar":"0","ocean_second_sidebar":"0","ocean_disable_margins":"on","ocean_add_body_class":"","ocean_shortcode_before_top_bar":"","ocean_shortcode_after_top_bar":"","ocean_shortcode_before_header":"","ocean_shortcode_after_header":"","ocean_has_shortcode":"","ocean_shortcode_after_title":"","ocean_shortcode_before_footer_widgets":"","ocean_shortcode_after_footer_widgets":"","ocean_shortcode_before_footer_bottom":"","ocean_shortcode_after_footer_bottom":"","ocean_display_top_bar":"default","ocean_display_header":"default","ocean_header_style":"","ocean_center_header_left_menu":"0","ocean_custom_header_template":"0","ocean_custom_logo":0,"ocean_custom_retina_logo":0,"ocean_custom_logo_max_width":0,"ocean_custom_logo_tablet_max_width":0,"ocean_custom_logo_mobile_max_width":0,"ocean_custom_logo_max_height":0,"ocean_custom_logo_tablet_max_height":0,"ocean_custom_logo_mobile_max_height":0,"ocean_header_custom_menu":"0","ocean_menu_typo_font_family":"0","ocean_menu_typo_font_subset":"","ocean_menu_typo_font_size":0,"ocean_menu_typo_font_size_tablet":0,"ocean_menu_typo_font_size_mobile":0,"ocean_menu_typo_font_size_unit":"px","ocean_menu_typo_font_weight":"","ocean_menu_typo_font_weight_tablet":"","ocean_menu_typo_font_weight_mobile":"","ocean_menu_typo_transform":"","ocean_menu_typo_transform_tablet":"","ocean_menu_typo_transform_mobile":"","ocean_menu_typo_line_height":0,"ocean_menu_typo_line_height_tablet":0,"ocean_menu_typo_line_height_mobile":0,"ocean_menu_typo_line_height_unit":"","ocean_menu_typo_spacing":0,"ocean_menu_typo_spacing_tablet":0,"ocean_menu_typo_spacing_mobile":0,"ocean_menu_typo_spacing_unit":"","ocean_menu_link_color":"","ocean_menu_link_color_hover":"","ocean_menu_link_color_active":"","ocean_menu_link_background":"","ocean_menu_link_hover_background":"","ocean_menu_link_active_background":"","ocean_menu_social_links_bg":"","ocean_menu_social_hover_links_bg":"","ocean_menu_social_links_color":"","ocean_menu_social_hover_links_color":"","ocean_disable_title":"on","ocean_disable_heading":"default","ocean_post_title":"","ocean_post_subheading":"","ocean_post_title_style":"","ocean_post_title_background_color":"","ocean_post_title_background":0,"ocean_post_title_bg_image_position":"","ocean_post_title_bg_image_attachment":"","ocean_post_title_bg_image_repeat":"","ocean_post_title_bg_image_size":"","ocean_post_title_height":0,"ocean_post_title_bg_overlay":0.5,"ocean_post_title_bg_overlay_color":"","ocean_disable_breadcrumbs":"default","ocean_breadcrumbs_color":"","ocean_breadcrumbs_separator_color":"","ocean_breadcrumbs_links_color":"","ocean_breadcrumbs_links_hover_color":"","ocean_display_footer_widgets":"default","ocean_display_footer_bottom":"default","ocean_custom_footer_template":"0","footnotes":""},"class_list":["post-684","page","type-page","status-publish","hentry","entry"],"_links":{"self":[{"href":"https:\/\/lespinsblancs.com\/en\/wp-json\/wp\/v2\/pages\/684","targetHints":{"allow":["GET"]}}],"collection":[{"href":"https:\/\/lespinsblancs.com\/en\/wp-json\/wp\/v2\/pages"}],"about":[{"href":"https:\/\/lespinsblancs.com\/en\/wp-json\/wp\/v2\/types\/page"}],"author":[{"embeddable":true,"href":"https:\/\/lespinsblancs.com\/en\/wp-json\/wp\/v2\/users\/1"}],"replies":[{"embeddable":true,"href":"https:\/\/lespinsblancs.com\/en\/wp-json\/wp\/v2\/comments?post=684"}],"version-history":[{"count":28,"href":"https:\/\/lespinsblancs.com\/en\/wp-json\/wp\/v2\/pages\/684\/revisions"}],"predecessor-version":[{"id":1647,"href":"https:\/\/lespinsblancs.com\/en\/wp-json\/wp\/v2\/pages\/684\/revisions\/1647"}],"wp:attachment":[{"href":"https:\/\/lespinsblancs.com\/en\/wp-json\/wp\/v2\/media?parent=684"}],"curies":[{"name":"wp","href":"https:\/\/api.w.org\/{rel}","templated":true}]}}