{"id":493,"date":"2018-06-01T13:32:59","date_gmt":"2018-06-01T11:32:59","guid":{"rendered":"http:\/\/lespinsblancs.com\/?page_id=493"},"modified":"2025-11-25T11:39:37","modified_gmt":"2025-11-25T10:39:37","slug":"menus-fetes-2","status":"publish","type":"page","link":"https:\/\/lespinsblancs.com\/en\/restaurant\/menus-fetes-2\/","title":{"rendered":"GROUP MENUS"},"content":{"rendered":"<div data-elementor-type=\"wp-page\" data-elementor-id=\"493\" class=\"elementor elementor-493\">\n\t\t\t\t\t\t<section class=\"has_eae_slider elementor-section elementor-top-section elementor-element elementor-element-b707001 elementor-section-boxed elementor-section-height-default elementor-section-height-default\" data-eae-slider=\"66195\" data-id=\"b707001\" data-element_type=\"section\" data-e-type=\"section\" data-settings=\"{&quot;background_background&quot;:&quot;gradient&quot;}\">\n\t\t\t\t\t\t<div class=\"elementor-container elementor-column-gap-default\">\n\t\t\t\t\t<div class=\"has_eae_slider elementor-column elementor-col-100 elementor-top-column elementor-element elementor-element-12ef19b\" data-eae-slider=\"99212\" data-id=\"12ef19b\" data-element_type=\"column\" data-e-type=\"column\">\n\t\t\t<div class=\"elementor-widget-wrap elementor-element-populated\">\n\t\t\t\t\t\t<div class=\"elementor-element elementor-element-83bad24 elementor-widget elementor-widget-spacer\" data-id=\"83bad24\" data-element_type=\"widget\" data-e-type=\"widget\" data-widget_type=\"spacer.default\">\n\t\t\t\t<div class=\"elementor-widget-container\">\n\t\t\t\t\t\t\t<div class=\"elementor-spacer\">\n\t\t\t<div class=\"elementor-spacer-inner\"><\/div>\n\t\t<\/div>\n\t\t\t\t\t\t<\/div>\n\t\t\t\t<\/div>\n\t\t\t\t<div class=\"elementor-element elementor-element-8ce14e3 elementor-widget elementor-widget-heading\" data-id=\"8ce14e3\" data-element_type=\"widget\" data-e-type=\"widget\" data-widget_type=\"heading.default\">\n\t\t\t\t<div class=\"elementor-widget-container\">\n\t\t\t\t\t<h1 class=\"elementor-heading-title elementor-size-default\">GROUP MENUS<\/h1>\t\t\t\t<\/div>\n\t\t\t\t<\/div>\n\t\t\t\t<div class=\"elementor-element elementor-element-9e9a802 elementor-widget elementor-widget-heading\" data-id=\"9e9a802\" data-element_type=\"widget\" data-e-type=\"widget\" data-widget_type=\"heading.default\">\n\t\t\t\t<div class=\"elementor-widget-container\">\n\t\t\t\t\t<h3 class=\"elementor-heading-title elementor-size-default\">Reservation by phone or via the contact form only<\/h3>\t\t\t\t<\/div>\n\t\t\t\t<\/div>\n\t\t\t\t<div class=\"elementor-element elementor-element-29b9da3 elementor-tabs-alignment-stretch elementor-tabs-view-horizontal elementor-widget elementor-widget-tabs\" data-id=\"29b9da3\" data-element_type=\"widget\" data-e-type=\"widget\" data-widget_type=\"tabs.default\">\n\t\t\t\t<div class=\"elementor-widget-container\">\n\t\t\t\t\t\t\t<div class=\"elementor-tabs\">\n\t\t\t<div class=\"elementor-tabs-wrapper\" role=\"tablist\" >\n\t\t\t\t\t\t\t\t\t<div id=\"elementor-tab-title-4371\" class=\"elementor-tab-title elementor-tab-desktop-title\" aria-selected=\"true\" data-tab=\"1\" role=\"tab\" tabindex=\"0\" aria-controls=\"elementor-tab-content-4371\" aria-expanded=\"false\">Menu \u00e0 35\u20ac<\/div>\n\t\t\t\t\t\t\t\t\t<div id=\"elementor-tab-title-4372\" class=\"elementor-tab-title elementor-tab-desktop-title\" aria-selected=\"false\" data-tab=\"2\" role=\"tab\" tabindex=\"-1\" aria-controls=\"elementor-tab-content-4372\" aria-expanded=\"false\">Menu \u00e0 46\u20ac<\/div>\n\t\t\t\t\t\t\t\t\t<div id=\"elementor-tab-title-4373\" class=\"elementor-tab-title elementor-tab-desktop-title\" aria-selected=\"false\" data-tab=\"3\" role=\"tab\" tabindex=\"-1\" aria-controls=\"elementor-tab-content-4373\" aria-expanded=\"false\">Children's menu<\/div>\n\t\t\t\t\t\t\t\t\t<div id=\"elementor-tab-title-4374\" class=\"elementor-tab-title elementor-tab-desktop-title\" aria-selected=\"false\" data-tab=\"4\" role=\"tab\" tabindex=\"-1\" aria-controls=\"elementor-tab-content-4374\" aria-expanded=\"false\">Ap\u00e9ritifs<\/div>\n\t\t\t\t\t\t\t\t\t<div id=\"elementor-tab-title-4375\" class=\"elementor-tab-title elementor-tab-desktop-title\" aria-selected=\"false\" data-tab=\"5\" role=\"tab\" tabindex=\"-1\" aria-controls=\"elementor-tab-content-4375\" aria-expanded=\"false\">Cocktails<\/div>\n\t\t\t\t\t\t\t\t\t<div id=\"elementor-tab-title-4376\" class=\"elementor-tab-title elementor-tab-desktop-title\" aria-selected=\"false\" data-tab=\"6\" role=\"tab\" tabindex=\"-1\" aria-controls=\"elementor-tab-content-4376\" aria-expanded=\"false\">Birthday<\/div>\n\t\t\t\t\t\t\t<\/div>\n\t\t\t<div class=\"elementor-tabs-content-wrapper\" role=\"tablist\" aria-orientation=\"vertical\">\n\t\t\t\t\t\t\t\t\t<div class=\"elementor-tab-title elementor-tab-mobile-title\" aria-selected=\"true\" data-tab=\"1\" role=\"tab\" tabindex=\"0\" aria-controls=\"elementor-tab-content-4371\" aria-expanded=\"false\">Menu \u00e0 35\u20ac<\/div>\n\t\t\t\t\t<div id=\"elementor-tab-content-4371\" class=\"elementor-tab-content elementor-clearfix\" data-tab=\"1\" role=\"tabpanel\" aria-labelledby=\"elementor-tab-title-4371\" tabindex=\"0\" hidden=\"false\"><p><img fetchpriority=\"high\" decoding=\"async\" class=\"aligncenter wp-image-1157 size-full\" src=\"https:\/\/lespinsblancs.com\/wp-content\/uploads\/2023\/04\/Menu-groupe-a-35E-scaled.png\" alt=\"\" width=\"1811\" height=\"2560\" title=\"\" srcset=\"https:\/\/lespinsblancs.com\/wp-content\/uploads\/2023\/04\/Menu-groupe-a-35E-scaled.png 1811w, https:\/\/lespinsblancs.com\/wp-content\/uploads\/2023\/04\/Menu-groupe-a-35E-212x300.png 212w, https:\/\/lespinsblancs.com\/wp-content\/uploads\/2023\/04\/Menu-groupe-a-35E-724x1024.png 724w, https:\/\/lespinsblancs.com\/wp-content\/uploads\/2023\/04\/Menu-groupe-a-35E-768x1086.png 768w, https:\/\/lespinsblancs.com\/wp-content\/uploads\/2023\/04\/Menu-groupe-a-35E-1086x1536.png 1086w, https:\/\/lespinsblancs.com\/wp-content\/uploads\/2023\/04\/Menu-groupe-a-35E-1448x2048.png 1448w, https:\/\/lespinsblancs.com\/wp-content\/uploads\/2023\/04\/Menu-groupe-a-35E-8x12.png 8w\" sizes=\"(max-width: 1811px) 100vw, 1811px\" \/><\/p><\/div>\n\t\t\t\t\t\t\t\t\t<div class=\"elementor-tab-title elementor-tab-mobile-title\" aria-selected=\"false\" data-tab=\"2\" role=\"tab\" tabindex=\"-1\" aria-controls=\"elementor-tab-content-4372\" aria-expanded=\"false\">Menu \u00e0 46\u20ac<\/div>\n\t\t\t\t\t<div id=\"elementor-tab-content-4372\" class=\"elementor-tab-content elementor-clearfix\" data-tab=\"2\" role=\"tabpanel\" aria-labelledby=\"elementor-tab-title-4372\" tabindex=\"0\" hidden=\"hidden\"><p><img decoding=\"async\" class=\"aligncenter wp-image-1159 size-full\" src=\"https:\/\/lespinsblancs.com\/wp-content\/uploads\/2023\/04\/Menu-groupe-a-46E-scaled.png\" alt=\"\" width=\"1811\" height=\"2560\" title=\"\" srcset=\"https:\/\/lespinsblancs.com\/wp-content\/uploads\/2023\/04\/Menu-groupe-a-46E-scaled.png 1811w, https:\/\/lespinsblancs.com\/wp-content\/uploads\/2023\/04\/Menu-groupe-a-46E-212x300.png 212w, https:\/\/lespinsblancs.com\/wp-content\/uploads\/2023\/04\/Menu-groupe-a-46E-724x1024.png 724w, https:\/\/lespinsblancs.com\/wp-content\/uploads\/2023\/04\/Menu-groupe-a-46E-768x1086.png 768w, https:\/\/lespinsblancs.com\/wp-content\/uploads\/2023\/04\/Menu-groupe-a-46E-1086x1536.png 1086w, https:\/\/lespinsblancs.com\/wp-content\/uploads\/2023\/04\/Menu-groupe-a-46E-1448x2048.png 1448w, https:\/\/lespinsblancs.com\/wp-content\/uploads\/2023\/04\/Menu-groupe-a-46E-8x12.png 8w\" sizes=\"(max-width: 1811px) 100vw, 1811px\" \/><\/p><\/div>\n\t\t\t\t\t\t\t\t\t<div class=\"elementor-tab-title elementor-tab-mobile-title\" aria-selected=\"false\" data-tab=\"3\" role=\"tab\" tabindex=\"-1\" aria-controls=\"elementor-tab-content-4373\" aria-expanded=\"false\">Children's menu<\/div>\n\t\t\t\t\t<div id=\"elementor-tab-content-4373\" class=\"elementor-tab-content elementor-clearfix\" data-tab=\"3\" role=\"tabpanel\" aria-labelledby=\"elementor-tab-title-4373\" tabindex=\"0\" hidden=\"hidden\"><p><img decoding=\"async\" class=\"size-full wp-image-490 aligncenter\" src=\"https:\/\/lespinsblancs.com\/wp-content\/uploads\/2023\/04\/Menu-enfant-groupe.png\" alt=\"MENU ENFANTS\" width=\"1240\" height=\"1754\" title=\"\"><\/p><\/div>\n\t\t\t\t\t\t\t\t\t<div class=\"elementor-tab-title elementor-tab-mobile-title\" aria-selected=\"false\" data-tab=\"4\" role=\"tab\" tabindex=\"-1\" aria-controls=\"elementor-tab-content-4374\" aria-expanded=\"false\">Ap\u00e9ritifs<\/div>\n\t\t\t\t\t<div id=\"elementor-tab-content-4374\" class=\"elementor-tab-content elementor-clearfix\" data-tab=\"4\" role=\"tabpanel\" aria-labelledby=\"elementor-tab-title-4374\" tabindex=\"0\" hidden=\"hidden\"><p><img loading=\"lazy\" decoding=\"async\" class=\"size-full wp-image-492 aligncenter\" src=\"https:\/\/lespinsblancs.com\/wp-content\/uploads\/2023\/04\/Forfaits-aperitifs-ete-25-1.png\" alt=\"APERITIF 8,50\u20ac\" width=\"1240\" height=\"1754\" title=\"\"><\/p><\/div>\n\t\t\t\t\t\t\t\t\t<div class=\"elementor-tab-title elementor-tab-mobile-title\" aria-selected=\"false\" data-tab=\"5\" role=\"tab\" tabindex=\"-1\" aria-controls=\"elementor-tab-content-4375\" aria-expanded=\"false\">Cocktails<\/div>\n\t\t\t\t\t<div id=\"elementor-tab-content-4375\" class=\"elementor-tab-content elementor-clearfix\" data-tab=\"5\" role=\"tabpanel\" aria-labelledby=\"elementor-tab-title-4375\" tabindex=\"0\" hidden=\"hidden\"><p><img loading=\"lazy\" decoding=\"async\" class=\"alignnone wp-image-1153 size-full\" src=\"https:\/\/lespinsblancs.com\/wp-content\/uploads\/2023\/04\/Cocktail-dinatoire-40E-ete-25-1.png\" alt=\"\" width=\"1654\" height=\"2339\" title=\"\"><\/p><\/div>\n\t\t\t\t\t\t\t\t\t<div class=\"elementor-tab-title elementor-tab-mobile-title\" aria-selected=\"false\" data-tab=\"6\" role=\"tab\" tabindex=\"-1\" aria-controls=\"elementor-tab-content-4376\" aria-expanded=\"false\">Birthday<\/div>\n\t\t\t\t\t<div id=\"elementor-tab-content-4376\" class=\"elementor-tab-content elementor-clearfix\" data-tab=\"6\" role=\"tabpanel\" aria-labelledby=\"elementor-tab-title-4376\" tabindex=\"0\" hidden=\"hidden\"><p><img loading=\"lazy\" decoding=\"async\" class=\"size-full wp-image-492 aligncenter\" src=\"https:\/\/lespinsblancs.com\/wp-content\/uploads\/2023\/04\/Gateaux-maison.png\" alt=\"G\u00c2TEAUX MAISON\" width=\"1240\" height=\"1754\" title=\"\"><\/p><\/div>\n\t\t\t\t\t\t\t<\/div>\n\t\t<\/div>\n\t\t\t\t\t\t<\/div>\n\t\t\t\t<\/div>\n\t\t\t\t<div class=\"elementor-element elementor-element-380216e elementor-tabs-view-horizontal elementor-widget elementor-widget-tabs\" data-id=\"380216e\" data-element_type=\"widget\" data-e-type=\"widget\" data-widget_type=\"tabs.default\">\n\t\t\t\t<div class=\"elementor-widget-container\">\n\t\t\t\t\t\t\t<div class=\"elementor-tabs\">\n\t\t\t<div class=\"elementor-tabs-wrapper\" role=\"tablist\" >\n\t\t\t\t\t\t\t\t\t<div id=\"elementor-tab-title-5871\" class=\"elementor-tab-title elementor-tab-desktop-title\" aria-selected=\"true\" data-tab=\"1\" role=\"tab\" tabindex=\"0\" aria-controls=\"elementor-tab-content-5871\" aria-expanded=\"false\">Purchase order<\/div>\n\t\t\t\t\t\t\t\t\t<div id=\"elementor-tab-title-5872\" class=\"elementor-tab-title elementor-tab-desktop-title\" aria-selected=\"false\" data-tab=\"2\" role=\"tab\" tabindex=\"-1\" aria-controls=\"elementor-tab-content-5872\" aria-expanded=\"false\">Terms and conditions<\/div>\n\t\t\t\t\t\t\t<\/div>\n\t\t\t<div class=\"elementor-tabs-content-wrapper\" role=\"tablist\" aria-orientation=\"vertical\">\n\t\t\t\t\t\t\t\t\t<div class=\"elementor-tab-title elementor-tab-mobile-title\" aria-selected=\"true\" data-tab=\"1\" role=\"tab\" tabindex=\"0\" aria-controls=\"elementor-tab-content-5871\" aria-expanded=\"false\">Purchase order<\/div>\n\t\t\t\t\t<div id=\"elementor-tab-content-5871\" class=\"elementor-tab-content elementor-clearfix\" data-tab=\"1\" role=\"tabpanel\" aria-labelledby=\"elementor-tab-title-5871\" tabindex=\"0\" hidden=\"false\"><p>T\u00e9l\u00e9charger et imprimer le <a href=\"https:\/\/lespinsblancs.com\/wp-content\/uploads\/2023\/04\/Bon-de-commande-repas-groupe.png\" target=\"_blank\" rel=\"noopener noreferrer\"><strong>bon de commande ici<\/strong><\/a>.<\/p><\/div>\n\t\t\t\t\t\t\t\t\t<div class=\"elementor-tab-title elementor-tab-mobile-title\" aria-selected=\"false\" data-tab=\"2\" role=\"tab\" tabindex=\"-1\" aria-controls=\"elementor-tab-content-5872\" aria-expanded=\"false\">Terms and conditions<\/div>\n\t\t\t\t\t<div id=\"elementor-tab-content-5872\" class=\"elementor-tab-content elementor-clearfix\" data-tab=\"2\" role=\"tabpanel\" aria-labelledby=\"elementor-tab-title-5872\" tabindex=\"0\" hidden=\"hidden\"><p><img loading=\"lazy\" decoding=\"async\" class=\"alignnone wp-image-1154 size-full\" src=\"https:\/\/lespinsblancs.com\/wp-content\/uploads\/2023\/04\/Dossier-groupe-CGV-ete-25-1.png\" alt=\"\" width=\"1654\" height=\"2339\" title=\"\" srcset=\"https:\/\/lespinsblancs.com\/wp-content\/uploads\/2023\/04\/Dossier-groupe-CGV-ete-25-1.png 1654w, https:\/\/lespinsblancs.com\/wp-content\/uploads\/2023\/04\/Dossier-groupe-CGV-ete-25-1-212x300.png 212w, https:\/\/lespinsblancs.com\/wp-content\/uploads\/2023\/04\/Dossier-groupe-CGV-ete-25-1-724x1024.png 724w, https:\/\/lespinsblancs.com\/wp-content\/uploads\/2023\/04\/Dossier-groupe-CGV-ete-25-1-768x1086.png 768w, https:\/\/lespinsblancs.com\/wp-content\/uploads\/2023\/04\/Dossier-groupe-CGV-ete-25-1-1086x1536.png 1086w, https:\/\/lespinsblancs.com\/wp-content\/uploads\/2023\/04\/Dossier-groupe-CGV-ete-25-1-1448x2048.png 1448w, https:\/\/lespinsblancs.com\/wp-content\/uploads\/2023\/04\/Dossier-groupe-CGV-ete-25-1-8x12.png 8w\" sizes=\"(max-width: 1654px) 100vw, 1654px\" \/><\/p><\/div>\n\t\t\t\t\t\t\t<\/div>\n\t\t<\/div>\n\t\t\t\t\t\t<\/div>\n\t\t\t\t<\/div>\n\t\t\t\t\t<\/div>\n\t\t<\/div>\n\t\t\t\t\t<\/div>\n\t\t<\/section>\n\t\t\t\t<section class=\"has_eae_slider elementor-section elementor-top-section elementor-element elementor-element-7b0e95c elementor-section-boxed elementor-section-height-default elementor-section-height-default\" data-eae-slider=\"89241\" data-id=\"7b0e95c\" data-element_type=\"section\" data-e-type=\"section\">\n\t\t\t\t\t\t<div class=\"elementor-container elementor-column-gap-default\">\n\t\t\t\t\t<div class=\"has_eae_slider elementor-column elementor-col-100 elementor-top-column elementor-element elementor-element-f45778f\" data-eae-slider=\"14129\" data-id=\"f45778f\" data-element_type=\"column\" data-e-type=\"column\">\n\t\t\t<div class=\"elementor-widget-wrap elementor-element-populated\">\n\t\t\t\t\t\t<section class=\"has_eae_slider elementor-section elementor-inner-section elementor-element elementor-element-5327c5b elementor-section-boxed elementor-section-height-default elementor-section-height-default\" data-eae-slider=\"10648\" data-id=\"5327c5b\" data-element_type=\"section\" data-e-type=\"section\">\n\t\t\t\t\t\t<div class=\"elementor-container elementor-column-gap-default\">\n\t\t\t\t\t<div class=\"has_eae_slider elementor-column elementor-col-25 elementor-inner-column elementor-element elementor-element-cad368d\" data-eae-slider=\"32326\" data-id=\"cad368d\" data-element_type=\"column\" data-e-type=\"column\">\n\t\t\t<div class=\"elementor-widget-wrap elementor-element-populated\">\n\t\t\t\t\t\t<div class=\"elementor-element elementor-element-3fba8f4 elementor-view-stacked elementor-shape-circle elementor-position-block-start elementor-mobile-position-block-start elementor-widget elementor-widget-icon-box\" data-id=\"3fba8f4\" data-element_type=\"widget\" data-e-type=\"widget\" data-widget_type=\"icon-box.default\">\n\t\t\t\t<div class=\"elementor-widget-container\">\n\t\t\t\t\t\t\t<div class=\"elementor-icon-box-wrapper\">\n\n\t\t\t\t\t\t<div class=\"elementor-icon-box-icon\">\n\t\t\t\t<span  class=\"elementor-icon\">\n\t\t\t\t<i aria-hidden=\"true\" class=\"fas fa-phone\"><\/i>\t\t\t\t<\/span>\n\t\t\t<\/div>\n\t\t\t\n\t\t\t\t\t\t<div class=\"elementor-icon-box-content\">\n\n\t\t\t\t\t\t\t\t\t<h3 class=\"elementor-icon-box-title\">\n\t\t\t\t\t\t<span  >\n\t\t\t\t\t\t\tPHONE\t\t\t\t\t\t<\/span>\n\t\t\t\t\t<\/h3>\n\t\t\t\t\n\t\t\t\t\t\t\t\t\t<p class=\"elementor-icon-box-description\">\n\t\t\t\t\t\t<a href=\"tel:+334 94 82 20 59\">04 94 82 20 59<\/a>\t\t\t\t\t<\/p>\n\t\t\t\t\n\t\t\t<\/div>\n\t\t\t\n\t\t<\/div>\n\t\t\t\t\t\t<\/div>\n\t\t\t\t<\/div>\n\t\t\t\t\t<\/div>\n\t\t<\/div>\n\t\t\t\t<div class=\"has_eae_slider elementor-column elementor-col-25 elementor-inner-column elementor-element elementor-element-6405af2\" data-eae-slider=\"46712\" data-id=\"6405af2\" data-element_type=\"column\" data-e-type=\"column\">\n\t\t\t<div class=\"elementor-widget-wrap elementor-element-populated\">\n\t\t\t\t\t\t<div class=\"elementor-element elementor-element-11738e9 elementor-view-stacked elementor-shape-circle elementor-position-block-start elementor-mobile-position-block-start elementor-widget elementor-widget-icon-box\" data-id=\"11738e9\" data-element_type=\"widget\" data-e-type=\"widget\" data-widget_type=\"icon-box.default\">\n\t\t\t\t<div class=\"elementor-widget-container\">\n\t\t\t\t\t\t\t<div class=\"elementor-icon-box-wrapper\">\n\n\t\t\t\t\t\t<div class=\"elementor-icon-box-icon\">\n\t\t\t\t<span  class=\"elementor-icon\">\n\t\t\t\t<i aria-hidden=\"true\" class=\"fas fa-envelope\"><\/i>\t\t\t\t<\/span>\n\t\t\t<\/div>\n\t\t\t\n\t\t\t\t\t\t<div class=\"elementor-icon-box-content\">\n\n\t\t\t\t\t\t\t\t\t<h3 class=\"elementor-icon-box-title\">\n\t\t\t\t\t\t<span  >\n\t\t\t\t\t\t\tMAIL ADDRESS\t\t\t\t\t\t<\/span>\n\t\t\t\t\t<\/h3>\n\t\t\t\t\n\t\t\t\t\t\t\t\t\t<p class=\"elementor-icon-box-description\">\n\t\t\t\t\t\t<i><a href=\"mailto:lespinsblancs@gmail.com\">lespinsblancs@gmail.com<\/a><\/i>\t\t\t\t\t<\/p>\n\t\t\t\t\n\t\t\t<\/div>\n\t\t\t\n\t\t<\/div>\n\t\t\t\t\t\t<\/div>\n\t\t\t\t<\/div>\n\t\t\t\t\t<\/div>\n\t\t<\/div>\n\t\t\t\t<div class=\"has_eae_slider elementor-column elementor-col-25 elementor-inner-column elementor-element elementor-element-839bd9e\" data-eae-slider=\"12217\" data-id=\"839bd9e\" data-element_type=\"column\" data-e-type=\"column\">\n\t\t\t<div class=\"elementor-widget-wrap elementor-element-populated\">\n\t\t\t\t\t\t<div class=\"elementor-element elementor-element-6344afe elementor-view-stacked elementor-shape-circle elementor-position-block-start elementor-mobile-position-block-start elementor-widget elementor-widget-icon-box\" data-id=\"6344afe\" data-element_type=\"widget\" data-e-type=\"widget\" data-widget_type=\"icon-box.default\">\n\t\t\t\t<div class=\"elementor-widget-container\">\n\t\t\t\t\t\t\t<div class=\"elementor-icon-box-wrapper\">\n\n\t\t\t\t\t\t<div class=\"elementor-icon-box-icon\">\n\t\t\t\t<span  class=\"elementor-icon\">\n\t\t\t\t<i aria-hidden=\"true\" class=\"fab fa-instagram\"><\/i>\t\t\t\t<\/span>\n\t\t\t<\/div>\n\t\t\t\n\t\t\t\t\t\t<div class=\"elementor-icon-box-content\">\n\n\t\t\t\t\t\t\t\t\t<h3 class=\"elementor-icon-box-title\">\n\t\t\t\t\t\t<span  >\n\t\t\t\t\t\t\tINSTAGRAM\t\t\t\t\t\t<\/span>\n\t\t\t\t\t<\/h3>\n\t\t\t\t\n\t\t\t\t\t\t\t\t\t<p class=\"elementor-icon-box-description\">\n\t\t\t\t\t\t<i><a href=\"https:\/\/www.instagram.com\/lespinsblancs\/\" rel=\"nofollow noopener\" target=\"_blank\">@lespinsblancs<\/a><\/i>\t\t\t\t\t<\/p>\n\t\t\t\t\n\t\t\t<\/div>\n\t\t\t\n\t\t<\/div>\n\t\t\t\t\t\t<\/div>\n\t\t\t\t<\/div>\n\t\t\t\t\t<\/div>\n\t\t<\/div>\n\t\t\t\t<div class=\"has_eae_slider elementor-column elementor-col-25 elementor-inner-column elementor-element elementor-element-8d003ed\" data-eae-slider=\"29257\" data-id=\"8d003ed\" data-element_type=\"column\" data-e-type=\"column\">\n\t\t\t<div class=\"elementor-widget-wrap elementor-element-populated\">\n\t\t\t\t\t\t<div class=\"elementor-element elementor-element-935b66f elementor-view-stacked elementor-shape-circle elementor-position-block-start elementor-mobile-position-block-start elementor-widget elementor-widget-icon-box\" data-id=\"935b66f\" data-element_type=\"widget\" data-e-type=\"widget\" data-widget_type=\"icon-box.default\">\n\t\t\t\t<div class=\"elementor-widget-container\">\n\t\t\t\t\t\t\t<div class=\"elementor-icon-box-wrapper\">\n\n\t\t\t\t\t\t<div class=\"elementor-icon-box-icon\">\n\t\t\t\t<span  class=\"elementor-icon\">\n\t\t\t\t<i aria-hidden=\"true\" class=\"fab fa-facebook\"><\/i>\t\t\t\t<\/span>\n\t\t\t<\/div>\n\t\t\t\n\t\t\t\t\t\t<div class=\"elementor-icon-box-content\">\n\n\t\t\t\t\t\t\t\t\t<h3 class=\"elementor-icon-box-title\">\n\t\t\t\t\t\t<span  >\n\t\t\t\t\t\t\tFACEBOOK\t\t\t\t\t\t<\/span>\n\t\t\t\t\t<\/h3>\n\t\t\t\t\n\t\t\t\t\t\t\t\t\t<p class=\"elementor-icon-box-description\">\n\t\t\t\t\t\t<i><a href=\"https:\/\/www.facebook.com\/Lespinsblancs\" rel=\"nofollow noopener\" target=\"_blank\">facebook.com\/Lespinsblancs<\/a><\/i>\t\t\t\t\t<\/p>\n\t\t\t\t\n\t\t\t<\/div>\n\t\t\t\n\t\t<\/div>\n\t\t\t\t\t\t<\/div>\n\t\t\t\t<\/div>\n\t\t\t\t\t<\/div>\n\t\t<\/div>\n\t\t\t\t\t<\/div>\n\t\t<\/section>\n\t\t\t\t\t<\/div>\n\t\t<\/div>\n\t\t\t\t\t<\/div>\n\t\t<\/section>\n\t\t\t\t<\/div>","protected":false},"excerpt":{"rendered":"<p>MENUS DE GROUPE R\u00e9servation par t\u00e9l\u00e9phone ou via la formulaire de contact uniquement Menu \u00e0 35\u20ac Menu \u00e0 46\u20ac Menu enfant Ap\u00e9ritifs Cocktails Anniversaire Menu \u00e0 35\u20ac Menu \u00e0 46\u20ac Menu enfant Ap\u00e9ritifs Cocktails Anniversaire Bon de commande Conditions g\u00e9n\u00e9rales Bon de commande T\u00e9l\u00e9charger et imprimer le bon de commande ici. Conditions g\u00e9n\u00e9rales T\u00c9L\u00c9PHONE 04 [&hellip;]<\/p>\n","protected":false},"author":1,"featured_media":0,"parent":48,"menu_order":0,"comment_status":"closed","ping_status":"closed","template":"","meta":{"ocean_post_layout":"full-screen","ocean_both_sidebars_style":"","ocean_both_sidebars_content_width":0,"ocean_both_sidebars_sidebars_width":0,"ocean_sidebar":"0","ocean_second_sidebar":"0","ocean_disable_margins":"on","ocean_add_body_class":"","ocean_shortcode_before_top_bar":"","ocean_shortcode_after_top_bar":"","ocean_shortcode_before_header":"","ocean_shortcode_after_header":"","ocean_has_shortcode":"","ocean_shortcode_after_title":"","ocean_shortcode_before_footer_widgets":"","ocean_shortcode_after_footer_widgets":"","ocean_shortcode_before_footer_bottom":"","ocean_shortcode_after_footer_bottom":"","ocean_display_top_bar":"default","ocean_display_header":"default","ocean_header_style":"","ocean_center_header_left_menu":"0","ocean_custom_header_template":"0","ocean_custom_logo":0,"ocean_custom_retina_logo":0,"ocean_custom_logo_max_width":0,"ocean_custom_logo_tablet_max_width":0,"ocean_custom_logo_mobile_max_width":0,"ocean_custom_logo_max_height":0,"ocean_custom_logo_tablet_max_height":0,"ocean_custom_logo_mobile_max_height":0,"ocean_header_custom_menu":"0","ocean_menu_typo_font_family":"0","ocean_menu_typo_font_subset":"","ocean_menu_typo_font_size":0,"ocean_menu_typo_font_size_tablet":0,"ocean_menu_typo_font_size_mobile":0,"ocean_menu_typo_font_size_unit":"px","ocean_menu_typo_font_weight":"","ocean_menu_typo_font_weight_tablet":"","ocean_menu_typo_font_weight_mobile":"","ocean_menu_typo_transform":"","ocean_menu_typo_transform_tablet":"","ocean_menu_typo_transform_mobile":"","ocean_menu_typo_line_height":0,"ocean_menu_typo_line_height_tablet":0,"ocean_menu_typo_line_height_mobile":0,"ocean_menu_typo_line_height_unit":"","ocean_menu_typo_spacing":0,"ocean_menu_typo_spacing_tablet":0,"ocean_menu_typo_spacing_mobile":0,"ocean_menu_typo_spacing_unit":"","ocean_menu_link_color":"","ocean_menu_link_color_hover":"","ocean_menu_link_color_active":"","ocean_menu_link_background":"","ocean_menu_link_hover_background":"","ocean_menu_link_active_background":"","ocean_menu_social_links_bg":"","ocean_menu_social_hover_links_bg":"","ocean_menu_social_links_color":"","ocean_menu_social_hover_links_color":"","ocean_disable_title":"on","ocean_disable_heading":"default","ocean_post_title":"","ocean_post_subheading":"","ocean_post_title_style":"","ocean_post_title_background_color":"","ocean_post_title_background":0,"ocean_post_title_bg_image_position":"","ocean_post_title_bg_image_attachment":"","ocean_post_title_bg_image_repeat":"","ocean_post_title_bg_image_size":"","ocean_post_title_height":0,"ocean_post_title_bg_overlay":0.5,"ocean_post_title_bg_overlay_color":"","ocean_disable_breadcrumbs":"default","ocean_breadcrumbs_color":"","ocean_breadcrumbs_separator_color":"","ocean_breadcrumbs_links_color":"","ocean_breadcrumbs_links_hover_color":"","ocean_display_footer_widgets":"default","ocean_display_footer_bottom":"default","ocean_custom_footer_template":"0","footnotes":""},"class_list":["post-493","page","type-page","status-publish","hentry","entry"],"_links":{"self":[{"href":"https:\/\/lespinsblancs.com\/en\/wp-json\/wp\/v2\/pages\/493","targetHints":{"allow":["GET"]}}],"collection":[{"href":"https:\/\/lespinsblancs.com\/en\/wp-json\/wp\/v2\/pages"}],"about":[{"href":"https:\/\/lespinsblancs.com\/en\/wp-json\/wp\/v2\/types\/page"}],"author":[{"embeddable":true,"href":"https:\/\/lespinsblancs.com\/en\/wp-json\/wp\/v2\/users\/1"}],"replies":[{"embeddable":true,"href":"https:\/\/lespinsblancs.com\/en\/wp-json\/wp\/v2\/comments?post=493"}],"version-history":[{"count":119,"href":"https:\/\/lespinsblancs.com\/en\/wp-json\/wp\/v2\/pages\/493\/revisions"}],"predecessor-version":[{"id":2121,"href":"https:\/\/lespinsblancs.com\/en\/wp-json\/wp\/v2\/pages\/493\/revisions\/2121"}],"up":[{"embeddable":true,"href":"https:\/\/lespinsblancs.com\/en\/wp-json\/wp\/v2\/pages\/48"}],"wp:attachment":[{"href":"https:\/\/lespinsblancs.com\/en\/wp-json\/wp\/v2\/media?parent=493"}],"curies":[{"name":"wp","href":"https:\/\/api.w.org\/{rel}","templated":true}]}}